{"id":10191,"date":"2022-04-21T22:05:59","date_gmt":"2022-04-21T22:05:59","guid":{"rendered":"https:\/\/www.escuelademusicacrescendo.com\/?page_id=10191"},"modified":"2022-05-18T03:07:13","modified_gmt":"2022-05-18T03:07:13","slug":"profesores","status":"publish","type":"page","link":"https:\/\/www.escuelademusicacrescendo.com\/index.php\/profesores\/","title":{"rendered":"Profesores"},"content":{"rendered":"\t\t<div data-elementor-type=\"wp-page\" data-elementor-id=\"10191\" class=\"elementor elementor-10191\" data-elementor-settings=\"[]\">\n\t\t\t\t\t\t<div class=\"elementor-inner\">\n\t\t\t\t\t\t\t<div class=\"elementor-section-wrap\">\n\t\t\t\t\t\t\t<section data-particle_enable=\"false\" data-particle-mobile-disabled=\"false\" class=\"elementor-section elementor-top-section elementor-element elementor-element-7b13797 elementor-section-boxed elementor-section-height-default elementor-section-height-default\" data-id=\"7b13797\" data-element_type=\"section\">\n\t\t\t\t\t\t<div class=\"elementor-container elementor-column-gap-default\">\n\t\t\t\t\t\t\t<div class=\"elementor-row\">\n\t\t\t\t\t<div class=\"elementor-column elementor-col-100 elementor-top-column elementor-element elementor-element-37e4c84\" data-id=\"37e4c84\" data-element_type=\"column\">\n\t\t\t<div class=\"elementor-column-wrap elementor-element-populated\">\n\t\t\t\t\t\t\t<div class=\"elementor-widget-wrap\">\n\t\t\t\t\t\t<div class=\"elementor-element elementor-element-882a6b4 elementor-grid-3 elementor-grid-tablet-2 elementor-grid-mobile-1 elementor-widget elementor-widget-eael-dynamic-filterable-gallery\" data-id=\"882a6b4\" data-element_type=\"widget\" data-settings=\"{&quot;eael_fg_columns&quot;:&quot;3&quot;,&quot;eael_fg_columns_tablet&quot;:&quot;2&quot;,&quot;eael_fg_columns_mobile&quot;:&quot;1&quot;}\" data-widget_type=\"eael-dynamic-filterable-gallery.default\">\n\t\t\t\t<div class=\"elementor-widget-container\">\n\t\t\t<div id=\"eael-filter-gallery-wrapper-882a6b4\" class=\"eael-filter-gallery-wrapper\"><div class=\"eael-filter-gallery-control\">\n                    <ul>\n                        <li class=\"control active\" data-filter=\"*\">Todos<\/li><li class=\"control\" data-filter=\".piano\">Piano<\/li><li class=\"control\" data-filter=\".violin\">Viol\u00edn<\/li><li class=\"control\" data-filter=\".guitarra\">Guitarra<\/li><li class=\"control\" data-filter=\".canto\">Canto<\/li><li class=\"control\" data-filter=\".chelo\">Chelo<\/li><li class=\"control\" data-filter=\".wof\">World of Music<\/li><\/ul>\n                <\/div><div class=\"eael-filter-gallery-container eael-post-appender eael-post-appender-882a6b4 grid eael-cards 3\" data-settings=\"{&quot;item_style&quot;:&quot;eael-cards&quot;,&quot;duration&quot;:500,&quot;layout_mode&quot;:&quot;grid&quot;}\"><div class=\"dynamic-gallery-item piano profesores\">\n        <div class=\"dynamic-gallery-item-inner\">\n            <div class=\"dynamic-gallery-thumbnail\"><img decoding=\"async\" src=\"https:\/\/www.escuelademusicacrescendo.com\/wp-content\/uploads\/2019\/07\/MONTSE-683x1024-1.jpg\" alt=\"\"><div class=\"caption eael-fade-in \"><\/div><\/div>\n\n            <div class=\"item-content\"><h2 class=\"title\"><a href=\"https:\/\/www.escuelademusicacrescendo.com\/index.php\/team\/montserrat-ferrer\/\">Montserrat Ferrer<\/a><\/h2><\/div>\n        <\/div>\n    <\/div><div class=\"dynamic-gallery-item piano profesores\">\n        <div class=\"dynamic-gallery-item-inner\">\n            <div class=\"dynamic-gallery-thumbnail\"><img decoding=\"async\" src=\"https:\/\/www.escuelademusicacrescendo.com\/wp-content\/uploads\/2022\/02\/IMG_6731-scaled.jpg\" alt=\"\"><div class=\"caption eael-fade-in \"><\/div><\/div>\n\n            <div class=\"item-content\"><h2 class=\"title\"><a href=\"https:\/\/www.escuelademusicacrescendo.com\/index.php\/team\/susana-barrera\/\">Susana Barrera<\/a><\/h2><\/div>\n        <\/div>\n    <\/div><div class=\"dynamic-gallery-item piano profesores\">\n        <div class=\"dynamic-gallery-item-inner\">\n            <div class=\"dynamic-gallery-thumbnail\"><img decoding=\"async\" src=\"https:\/\/www.escuelademusicacrescendo.com\/wp-content\/uploads\/2022\/02\/IMG_622731-scaled.jpg\" alt=\"\"><div class=\"caption eael-fade-in \"><\/div><\/div>\n\n            <div class=\"item-content\"><h2 class=\"title\"><a href=\"https:\/\/www.escuelademusicacrescendo.com\/index.php\/team\/sergio-alberto-solis-pinson\/\">Sergio Alberto Sol\u00eds Pinson<\/a><\/h2><\/div>\n        <\/div>\n    <\/div><div class=\"dynamic-gallery-item profesores violin\">\n        <div class=\"dynamic-gallery-item-inner\">\n            <div class=\"dynamic-gallery-thumbnail\"><img decoding=\"async\" src=\"https:\/\/www.escuelademusicacrescendo.com\/wp-content\/uploads\/2022\/02\/IMGg_6731-scaled.jpg\" alt=\"\"><div class=\"caption eael-fade-in \"><\/div><\/div>\n\n            <div class=\"item-content\"><h2 class=\"title\"><a href=\"https:\/\/www.escuelademusicacrescendo.com\/index.php\/team\/paola-zamario\/\">Paola Zamario<\/a><\/h2><\/div>\n        <\/div>\n    <\/div><div class=\"dynamic-gallery-item piano profesores\">\n        <div class=\"dynamic-gallery-item-inner\">\n            <div class=\"dynamic-gallery-thumbnail\"><img decoding=\"async\" src=\"https:\/\/www.escuelademusicacrescendo.com\/wp-content\/uploads\/2022\/02\/IM44G_6731-scaled.jpg\" alt=\"\"><div class=\"caption eael-fade-in \"><\/div><\/div>\n\n            <div class=\"item-content\"><h2 class=\"title\"><a href=\"https:\/\/www.escuelademusicacrescendo.com\/index.php\/team\/noe-jubal-macias-delgado\/\">Noe Jubal Macias Delgado<\/a><\/h2><\/div>\n        <\/div>\n    <\/div><div class=\"dynamic-gallery-item profesores wof\">\n        <div class=\"dynamic-gallery-item-inner\">\n            <div class=\"dynamic-gallery-thumbnail\"><img decoding=\"async\" src=\"https:\/\/www.escuelademusicacrescendo.com\/wp-content\/uploads\/2022\/02\/luzma-scaled.jpg\" alt=\"\"><div class=\"caption eael-fade-in \"><\/div><\/div>\n\n            <div class=\"item-content\"><h2 class=\"title\"><a href=\"https:\/\/www.escuelademusicacrescendo.com\/index.php\/team\/luz-maria-wofm\/\">Luz Maria Vasconcelos<\/a><\/h2><\/div>\n        <\/div>\n    <\/div><div class=\"dynamic-gallery-item profesores violin\">\n        <div class=\"dynamic-gallery-item-inner\">\n            <div class=\"dynamic-gallery-thumbnail\"><img decoding=\"async\" src=\"https:\/\/www.escuelademusicacrescendo.com\/wp-content\/uploads\/2022\/02\/IMewwG_6731-scaled.jpg\" alt=\"\"><div class=\"caption eael-fade-in \"><\/div><\/div>\n\n            <div class=\"item-content\"><h2 class=\"title\"><a href=\"https:\/\/www.escuelademusicacrescendo.com\/index.php\/team\/irma-a-tamayo-galindo\/\">Irma A. Tamayo Galindo<\/a><\/h2><\/div>\n        <\/div>\n    <\/div><div class=\"dynamic-gallery-item chelo profesores\">\n        <div class=\"dynamic-gallery-item-inner\">\n            <div class=\"dynamic-gallery-thumbnail\"><img decoding=\"async\" src=\"https:\/\/www.escuelademusicacrescendo.com\/wp-content\/uploads\/2022\/02\/I111111MG_6731-scaled.jpg\" alt=\"\"><div class=\"caption eael-fade-in \"><\/div><\/div>\n\n            <div class=\"item-content\"><h2 class=\"title\"><a href=\"https:\/\/www.escuelademusicacrescendo.com\/index.php\/team\/diego-gutierrez\/\">Diego Guti\u00e9rrez<\/a><\/h2><\/div>\n        <\/div>\n    <\/div><div class=\"dynamic-gallery-item piano profesores\">\n        <div class=\"dynamic-gallery-item-inner\">\n            <div class=\"dynamic-gallery-thumbnail\"><img decoding=\"async\" src=\"https:\/\/www.escuelademusicacrescendo.com\/wp-content\/uploads\/2022\/02\/IMGqqqq_6731-scaled.jpg\" alt=\"\"><div class=\"caption eael-fade-in \"><\/div><\/div>\n\n            <div class=\"item-content\"><h2 class=\"title\"><a href=\"https:\/\/www.escuelademusicacrescendo.com\/index.php\/team\/david-villalobos\/\">David Villalobos<\/a><\/h2><\/div>\n        <\/div>\n    <\/div><div class=\"dynamic-gallery-item canto profesores\">\n        <div class=\"dynamic-gallery-item-inner\">\n            <div class=\"dynamic-gallery-thumbnail\"><img decoding=\"async\" src=\"https:\/\/www.escuelademusicacrescendo.com\/wp-content\/uploads\/2022\/02\/ALBA-MARINA-RAMOS-scaled.jpg\" alt=\"\"><div class=\"caption eael-fade-in \"><\/div><\/div>\n\n            <div class=\"item-content\"><h2 class=\"title\"><a href=\"https:\/\/www.escuelademusicacrescendo.com\/index.php\/team\/alba-marina-ramos\/\">Alba Marina Ramos<\/a><\/h2><\/div>\n        <\/div>\n    <\/div><div class=\"dynamic-gallery-item guitarra profesores\">\n        <div class=\"dynamic-gallery-item-inner\">\n            <div class=\"dynamic-gallery-thumbnail\"><img decoding=\"async\" src=\"https:\/\/www.escuelademusicacrescendo.com\/wp-content\/uploads\/2022\/04\/IMG_6562-scaled.jpg\" alt=\"\"><div class=\"caption eael-fade-in \"><\/div><\/div>\n\n            <div class=\"item-content\"><h2 class=\"title\"><a href=\"https:\/\/www.escuelademusicacrescendo.com\/index.php\/team\/arturo-brena\/\">Arturo Brena<\/a><\/h2><\/div>\n        <\/div>\n    <\/div><div class=\"dynamic-gallery-item canto profesores\">\n        <div class=\"dynamic-gallery-item-inner\">\n            <div class=\"dynamic-gallery-thumbnail\"><img decoding=\"async\" src=\"https:\/\/www.escuelademusicacrescendo.com\/wp-content\/uploads\/2022\/04\/20220211_200918-scaled.jpg\" alt=\"\"><div class=\"caption eael-fade-in \"><\/div><\/div>\n\n            <div class=\"item-content\"><h2 class=\"title\"><a href=\"https:\/\/www.escuelademusicacrescendo.com\/index.php\/team\/erick-castro-robles\/\">Erick Castro Robles<\/a><\/h2><\/div>\n        <\/div>\n    <\/div><\/div><\/div>\t\t<\/div>\n\t\t\t\t<\/div>\n\t\t\t\t\t\t<\/div>\n\t\t\t\t\t<\/div>\n\t\t<\/div>\n\t\t\t\t\t\t\t\t<\/div>\n\t\t\t\t\t<\/div>\n\t\t<\/section>\n\t\t\t\t\t\t<\/div>\n\t\t\t\t\t\t<\/div>\n\t\t\t\t\t<\/div>\n\t\t","protected":false},"excerpt":{"rendered":"<p>Todos Piano Viol\u00edn Guitarrista Canto Chelo WOF Montserrat Ferrer Susana Barrera Sergio Alberto Sol\u00eds Pinson Paola Zamario Noe Jubal Macias Delgado Luz Maria Vasconcelos Irma A. Tamayo Galindo Diego Guti\u00e9rrez David Villalobos Alba Marina Ramos Arturo Brena Erick Castro Robles<\/p>\n","protected":false},"author":1,"featured_media":0,"parent":0,"menu_order":0,"comment_status":"closed","ping_status":"closed","template":"","meta":{"footnotes":""},"class_list":["post-10191","page","type-page","status-publish","hentry"],"_links":{"self":[{"href":"https:\/\/www.escuelademusicacrescendo.com\/index.php\/wp-json\/wp\/v2\/pages\/10191","targetHints":{"allow":["GET"]}}],"collection":[{"href":"https:\/\/www.escuelademusicacrescendo.com\/index.php\/wp-json\/wp\/v2\/pages"}],"about":[{"href":"https:\/\/www.escuelademusicacrescendo.com\/index.php\/wp-json\/wp\/v2\/types\/page"}],"author":[{"embeddable":true,"href":"https:\/\/www.escuelademusicacrescendo.com\/index.php\/wp-json\/wp\/v2\/users\/1"}],"replies":[{"embeddable":true,"href":"https:\/\/www.escuelademusicacrescendo.com\/index.php\/wp-json\/wp\/v2\/comments?post=10191"}],"version-history":[{"count":40,"href":"https:\/\/www.escuelademusicacrescendo.com\/index.php\/wp-json\/wp\/v2\/pages\/10191\/revisions"}],"predecessor-version":[{"id":10279,"href":"https:\/\/www.escuelademusicacrescendo.com\/index.php\/wp-json\/wp\/v2\/pages\/10191\/revisions\/10279"}],"wp:attachment":[{"href":"https:\/\/www.escuelademusicacrescendo.com\/index.php\/wp-json\/wp\/v2\/media?parent=10191"}],"curies":[{"name":"wp","href":"https:\/\/api.w.org\/{rel}","templated":true}]}}